{"id":283,"date":"2019-01-25T22:59:06","date_gmt":"2019-01-25T21:59:06","guid":{"rendered":"http:\/\/casamadico-papillons.be\/?page_id=283"},"modified":"2024-08-30T15:28:56","modified_gmt":"2024-08-30T13:28:56","slug":"impressum","status":"publish","type":"page","link":"https:\/\/casamadico-papillons.be\/en\/impressum\/","title":{"rendered":"Imprint"},"content":{"rendered":"<p><span style=\"text-align: -webkit-center;\"><span lang=\"nl\" tabindex=\"0\">Verantwoordelijk voor de inhoud :<\/span><\/span><\/p>\n<h2>Didier Bouvier<\/h2>\n<p><span class=\"standard\">Adres:\u00a02490 Balen &#8211;\u00a0Belgi\u00eb<br \/>\n<\/span><\/p>\n<p><span class=\"standard\">Tel: 0032 (0)485 86 08 39<\/span><\/p>\n<p><span class=\"standard\">E-Mail:\u00a0<a href=\"mailto:info@casamadico.be\">info@casamadico.be<\/a><\/span><\/p>\n<p><span class=\"standard\">Web: https:\/\/casamadico-papillons.be<\/span><\/p>\n<hr \/>\n<h2><span class=\"standard\">Copyright:<\/span><\/h2>\n<h4><span class=\"standard\"><span lang=\"nl\" tabindex=\"0\">Het copyright van alle teksten, gegevens, ook priv\u00e9gegevens en grafische afbeeldingen ligt exclusief op deze website bij<\/span><\/span><\/h4>\n<h4>Didier Bouvier<span class=\"standard\"><span lang=\"nl\" tabindex=\"0\">. Het kopi\u00ebren en gebruiken van teksten, gegevens en afbeeldingen is verboden. Een directe link is verboden.<\/span><\/span><\/h4>\n<hr \/>\n<h2><span class=\"standard\">Webdesign:<\/span><\/h2>\n<h4><span class=\"standard\"><u>Web4Breeder &#8211; Web &amp; Grafikdesign Th\u00f6nelt<\/u><br \/>\nAugust-Gaiser Str.21<br \/>\n78727 Oberndorf -Lindenhof &#8211; Germany<\/span><\/h4>\n<h4><span class=\"standard\">Tel.:07423\/ 86 53 800<\/span><\/h4>\n<h4>info@thoenelt-designs.eu\u00a0 \u00a0&#8211;\u00a0 \u00a0<span class=\"standard\"><a href=\"http:\/\/www.thoenelt-designs.eu\/\" target=\"_blank\" rel=\"noopener\">www.thoenelt-designs.eu<\/a><\/span><\/h4>\n<hr \/>\n<p><a href=\"https:\/\/casamadico-papillons.be\/wp-admin\/\">Login<\/a><\/p>\n<hr \/>\n<p><strong>Aansprakelijkheid voor inhoud<\/strong><\/p>\n<p class=\"standard\">Die Inhalte unserer Seiten wurden mit gr\u00f6\u00dfter Sorgfalt erstellt. F\u00fcr die Richtigkeit, Vollst\u00e4ndigkeit und Aktualit\u00e4t der Inhalte k\u00f6nnen wir jedoch keine Gew\u00e4hr \u00fcbernehmen.<\/p>\n<p class=\"standard\">Als Diensteanbieter sind wir gem\u00e4\u00df \u00a7 7 Abs.1 TMG f\u00fcr eigene Inhalte auf diesen Seiten nach den allgemeinen Gesetzen verantwortlich. Nach \u00a7\u00a7 8 bis 10 TMG sind wir als Diensteanbieter jedoch nicht verpflichtet, \u00fcbermittelte oder gespeicherte fremde Informationen zu \u00fcberwachen oder nach Umst\u00e4nden zu forschen, die auf eine rechtswidrige T\u00e4tigkeit hinweisen. Verpflichtungen zur Entfernung oder Sperrung der Nutzung von Informationen nach den allgemeinen Gesetzen bleiben hiervon unber\u00fchrt. Eine diesbez\u00fcgliche Haftung ist jedoch erst ab dem Zeitpunkt der Kenntnis einer konkreten Rechtsverletzung m\u00f6glich. Bei bekannt werden von entsprechenden Rechtsverletzungen werden wir diese Inhalte umgehend entfernen.<\/p>\n<p class=\"standard\"><strong>Haftung f\u00fcr Links<\/strong><\/p>\n<p class=\"standard\">Unser Angebot enth\u00e4lt Links zu externen Webseiten Dritter, auf deren Inhalte wir keinen Einfluss haben. Deshalb k\u00f6nnen wir f\u00fcr diese fremden Inhalte auch keine Gew\u00e4hr \u00fcbernehmen. F\u00fcr die Inhalte der verlinkten Seiten ist stets der jeweilige Anbieter oder Betreiber der Seiten verantwortlich. Die verlinkten Seiten wurden zum Zeitpunkt der Verlinkung auf m\u00f6gliche Rechtsverst\u00f6\u00dfe \u00fcberpr\u00fcft. Rechtswidrige Inhalte waren zum Zeitpunkt der Verlinkung nicht erkennbar. Eine permanente inhaltliche Kontrolle der verlinkten Seiten ist jedoch ohne konkrete Anhaltspunkte einer Rechtsverletzung nicht zumutbar. Bei bekannt werden von Rechtsverletzungen werden wir derartige Links umgehend entfernen.<\/p>\n<p class=\"standard\"><strong>Urheberrecht<\/strong><\/p>\n<p class=\"standard\">Die durch die Seitenbetreiber erstellten Inhalte und Werke auf diesen Seiten unterliegen dem deutschen Urheberrecht. Beitr\u00e4ge Dritter sind als solche gekennzeichnet. Die Vervielf\u00e4ltigung, Bearbeitung, Verbreitung und jede Art der Verwertung au\u00dferhalb der Grenzen des Urheberrechtes bed\u00fcrfen der schriftlichen Zustimmung des jeweiligen Autors bzw. Erstellers. Downloads und Kopien dieser Seite sind nur f\u00fcr den privaten, nicht kommerziellen Gebrauch gestattet.<\/p>\n<p class=\"standard\">Die Betreiber der Seiten sind bem\u00fcht, stets die Urheberrechte anderer zu beachten bzw. auf selbst erstellte sowie lizenzfreie Werke zur\u00fcckzugreifen.<\/p>","protected":false},"excerpt":{"rendered":"<p>Verantwoordelijk voor de inhoud : Didier Bouvier Adres:\u00a02490 Balen &#8211;\u00a0Belgi\u00eb Tel: 0032 (0)485 86 08 39 E-Mail:\u00a0info@casamadico.be Web: https:\/\/casamadico-papillons.be Copyright: Het copyright van alle teksten, gegevens, ook priv\u00e9gegevens en grafische afbeeldingen ligt exclusief op deze website bij Didier Bouvier. Het kopi\u00ebren en gebruiken van teksten, gegevens en afbeeldingen is verboden. Een directe link is verboden. &#8230; <a title=\"Imprint\" class=\"read-more\" href=\"https:\/\/casamadico-papillons.be\/en\/impressum\/\" aria-label=\"Read more about Imprint\">Read more<\/a><\/p>","protected":false},"author":1,"featured_media":0,"parent":0,"menu_order":0,"comment_status":"closed","ping_status":"closed","template":"","meta":{"footnotes":""},"class_list":["post-283","page","type-page","status-publish"],"_links":{"self":[{"href":"https:\/\/casamadico-papillons.be\/en\/wp-json\/wp\/v2\/pages\/283","targetHints":{"allow":["GET"]}}],"collection":[{"href":"https:\/\/casamadico-papillons.be\/en\/wp-json\/wp\/v2\/pages"}],"about":[{"href":"https:\/\/casamadico-papillons.be\/en\/wp-json\/wp\/v2\/types\/page"}],"author":[{"embeddable":true,"href":"https:\/\/casamadico-papillons.be\/en\/wp-json\/wp\/v2\/users\/1"}],"replies":[{"embeddable":true,"href":"https:\/\/casamadico-papillons.be\/en\/wp-json\/wp\/v2\/comments?post=283"}],"version-history":[{"count":10,"href":"https:\/\/casamadico-papillons.be\/en\/wp-json\/wp\/v2\/pages\/283\/revisions"}],"predecessor-version":[{"id":761,"href":"https:\/\/casamadico-papillons.be\/en\/wp-json\/wp\/v2\/pages\/283\/revisions\/761"}],"wp:attachment":[{"href":"https:\/\/casamadico-papillons.be\/en\/wp-json\/wp\/v2\/media?parent=283"}],"curies":[{"name":"wp","href":"https:\/\/api.w.org\/{rel}","templated":true}]}}